{"id":1116,"date":"2016-03-01T15:59:47","date_gmt":"2016-03-01T20:59:47","guid":{"rendered":"http:\/\/ism-mailer.com\/devweb\/cite\/en\/sterilisation\/"},"modified":"2023-05-23T09:01:29","modified_gmt":"2023-05-23T13:01:29","slug":"sterilization","status":"publish","type":"page","link":"https:\/\/www.cliniquedentairelacite.com\/en\/sterilization\/","title":{"rendered":"Sterilization"},"content":{"rendered":"<div class=\"fusion-fullwidth fullwidth-box fusion-builder-row-1 nonhundred-percent-fullwidth non-hundred-percent-height-scrolling\" style=\"--awb-background-position:left top;--awb-border-radius-top-left:0px;--awb-border-radius-top-right:0px;--awb-border-radius-bottom-right:0px;--awb-border-radius-bottom-left:0px;--awb-padding-top:20px;--awb-padding-bottom:20px;--awb-border-sizes-top:0px;--awb-border-sizes-bottom:0px;--awb-flex-wrap:wrap;\" ><div class=\"fusion-builder-row fusion-row\"><div class=\"fusion-layout-column fusion_builder_column fusion-builder-column-0 fusion_builder_column_1_1 1_1 fusion-one-full fusion-column-first fusion-column-last\" style=\"--awb-bg-size:cover;\"><div class=\"fusion-column-wrapper fusion-flex-column-wrapper-legacy\"><div class=\"fusion-text fusion-text-1\"><h1>Sterilization<\/h1>\n<p>&nbsp;<\/p>\n<p>We have a very strict protocol for sterilization. Here are the various steps:<\/p>\n<ul>\n<li>Brushing of all instruments.<\/li>\n<li>Soaking in an enzymatic solution in the ultrasonic device.<\/li>\n<li>Instruments are placed either in bags or wrapped trays and placed in the sterilizer. Markers are placed and they change color when the sterilization process is complete.<\/li>\n<li>The sterilizers are tested regularly and the results are monitored by an organization approved by the Ordre des dentistes du Qu\u00e9bec and affiliated to the Faculty of Dentistry of Universit\u00e9 de Montr\u00e9al.<\/li>\n<\/ul>\n<\/div><div class=\"fusion-clearfix\"><\/div><\/div><\/div><\/div><\/div>\n","protected":false},"excerpt":{"rendered":"","protected":false},"author":2,"featured_media":0,"parent":0,"menu_order":0,"comment_status":"closed","ping_status":"closed","template":"100-width.php","meta":{"_acf_changed":false,"footnotes":""},"class_list":["post-1116","page","type-page","status-publish","hentry"],"acf":[],"yoast_head":"<!-- This site is optimized with the Yoast SEO plugin v27.3 - https:\/\/yoast.com\/product\/yoast-seo-wordpress\/ -->\n<title>Sterilization in dental clinic - Centre dentaire La Cit\u00e9<\/title>\n<meta name=\"description\" content=\"Sterilization and asepsis are of paramount importance for the safety of patients and staff. Here are our efforts in this direction. Ask us for more details.\" \/>\n<meta name=\"robots\" content=\"index, follow, max-snippet:-1, max-image-preview:large, max-video-preview:-1\" \/>\n<link rel=\"canonical\" href=\"https:\/\/www.cliniquedentairelacite.com\/en\/sterilization\/\" \/>\n<meta property=\"og:locale\" content=\"en_US\" \/>\n<meta property=\"og:type\" content=\"article\" \/>\n<meta property=\"og:title\" content=\"Sterilization in dental clinic - Centre dentaire La Cit\u00e9\" \/>\n<meta property=\"og:description\" content=\"Sterilization and asepsis are of paramount importance for the safety of patients and staff. Here are our efforts in this direction. Ask us for more details.\" \/>\n<meta property=\"og:url\" content=\"https:\/\/www.cliniquedentairelacite.com\/en\/sterilization\/\" \/>\n<meta property=\"og:site_name\" content=\"Centre dentaire La Cit\u00e9\" \/>\n<meta property=\"article:modified_time\" content=\"2023-05-23T13:01:29+00:00\" \/>\n<meta name=\"twitter:card\" content=\"summary_large_image\" \/>\n<meta name=\"twitter:label1\" content=\"Est. reading time\" \/>\n\t<meta name=\"twitter:data1\" content=\"1 minute\" \/>\n<script type=\"application\/ld+json\" class=\"yoast-schema-graph\">{\"@context\":\"https:\\\/\\\/schema.org\",\"@graph\":[{\"@type\":\"WebPage\",\"@id\":\"https:\\\/\\\/www.cliniquedentairelacite.com\\\/en\\\/sterilization\\\/\",\"url\":\"https:\\\/\\\/www.cliniquedentairelacite.com\\\/en\\\/sterilization\\\/\",\"name\":\"Sterilization in dental clinic - Centre dentaire La Cit\u00e9\",\"isPartOf\":{\"@id\":\"https:\\\/\\\/www.cliniquedentairelacite.com\\\/en\\\/#website\"},\"datePublished\":\"2016-03-01T20:59:47+00:00\",\"dateModified\":\"2023-05-23T13:01:29+00:00\",\"description\":\"Sterilization and asepsis are of paramount importance for the safety of patients and staff. Here are our efforts in this direction. Ask us for more details.\",\"breadcrumb\":{\"@id\":\"https:\\\/\\\/www.cliniquedentairelacite.com\\\/en\\\/sterilization\\\/#breadcrumb\"},\"inLanguage\":\"en-US\",\"potentialAction\":[{\"@type\":\"ReadAction\",\"target\":[\"https:\\\/\\\/www.cliniquedentairelacite.com\\\/en\\\/sterilization\\\/\"]}]},{\"@type\":\"BreadcrumbList\",\"@id\":\"https:\\\/\\\/www.cliniquedentairelacite.com\\\/en\\\/sterilization\\\/#breadcrumb\",\"itemListElement\":[{\"@type\":\"ListItem\",\"position\":1,\"name\":\"Accueil\",\"item\":\"https:\\\/\\\/www.cliniquedentairelacite.com\\\/en\\\/\"},{\"@type\":\"ListItem\",\"position\":2,\"name\":\"Sterilization\"}]},{\"@type\":\"WebSite\",\"@id\":\"https:\\\/\\\/www.cliniquedentairelacite.com\\\/en\\\/#website\",\"url\":\"https:\\\/\\\/www.cliniquedentairelacite.com\\\/en\\\/\",\"name\":\"Centre dentaire La Cit\u00e9\",\"description\":\"Dentiste\",\"potentialAction\":[{\"@type\":\"SearchAction\",\"target\":{\"@type\":\"EntryPoint\",\"urlTemplate\":\"https:\\\/\\\/www.cliniquedentairelacite.com\\\/en\\\/?s={search_term_string}\"},\"query-input\":{\"@type\":\"PropertyValueSpecification\",\"valueRequired\":true,\"valueName\":\"search_term_string\"}}],\"inLanguage\":\"en-US\"}]}<\/script>\n<!-- \/ Yoast SEO plugin. -->","yoast_head_json":{"title":"Sterilization in dental clinic - Centre dentaire La Cit\u00e9","description":"Sterilization and asepsis are of paramount importance for the safety of patients and staff. Here are our efforts in this direction. Ask us for more details.","robots":{"index":"index","follow":"follow","max-snippet":"max-snippet:-1","max-image-preview":"max-image-preview:large","max-video-preview":"max-video-preview:-1"},"canonical":"https:\/\/www.cliniquedentairelacite.com\/en\/sterilization\/","og_locale":"en_US","og_type":"article","og_title":"Sterilization in dental clinic - Centre dentaire La Cit\u00e9","og_description":"Sterilization and asepsis are of paramount importance for the safety of patients and staff. Here are our efforts in this direction. Ask us for more details.","og_url":"https:\/\/www.cliniquedentairelacite.com\/en\/sterilization\/","og_site_name":"Centre dentaire La Cit\u00e9","article_modified_time":"2023-05-23T13:01:29+00:00","twitter_card":"summary_large_image","twitter_misc":{"Est. reading time":"1 minute"},"schema":{"@context":"https:\/\/schema.org","@graph":[{"@type":"WebPage","@id":"https:\/\/www.cliniquedentairelacite.com\/en\/sterilization\/","url":"https:\/\/www.cliniquedentairelacite.com\/en\/sterilization\/","name":"Sterilization in dental clinic - Centre dentaire La Cit\u00e9","isPartOf":{"@id":"https:\/\/www.cliniquedentairelacite.com\/en\/#website"},"datePublished":"2016-03-01T20:59:47+00:00","dateModified":"2023-05-23T13:01:29+00:00","description":"Sterilization and asepsis are of paramount importance for the safety of patients and staff. Here are our efforts in this direction. Ask us for more details.","breadcrumb":{"@id":"https:\/\/www.cliniquedentairelacite.com\/en\/sterilization\/#breadcrumb"},"inLanguage":"en-US","potentialAction":[{"@type":"ReadAction","target":["https:\/\/www.cliniquedentairelacite.com\/en\/sterilization\/"]}]},{"@type":"BreadcrumbList","@id":"https:\/\/www.cliniquedentairelacite.com\/en\/sterilization\/#breadcrumb","itemListElement":[{"@type":"ListItem","position":1,"name":"Accueil","item":"https:\/\/www.cliniquedentairelacite.com\/en\/"},{"@type":"ListItem","position":2,"name":"Sterilization"}]},{"@type":"WebSite","@id":"https:\/\/www.cliniquedentairelacite.com\/en\/#website","url":"https:\/\/www.cliniquedentairelacite.com\/en\/","name":"Centre dentaire La Cit\u00e9","description":"Dentiste","potentialAction":[{"@type":"SearchAction","target":{"@type":"EntryPoint","urlTemplate":"https:\/\/www.cliniquedentairelacite.com\/en\/?s={search_term_string}"},"query-input":{"@type":"PropertyValueSpecification","valueRequired":true,"valueName":"search_term_string"}}],"inLanguage":"en-US"}]}},"_links":{"self":[{"href":"https:\/\/www.cliniquedentairelacite.com\/en\/wp-json\/wp\/v2\/pages\/1116","targetHints":{"allow":["GET"]}}],"collection":[{"href":"https:\/\/www.cliniquedentairelacite.com\/en\/wp-json\/wp\/v2\/pages"}],"about":[{"href":"https:\/\/www.cliniquedentairelacite.com\/en\/wp-json\/wp\/v2\/types\/page"}],"author":[{"embeddable":true,"href":"https:\/\/www.cliniquedentairelacite.com\/en\/wp-json\/wp\/v2\/users\/2"}],"replies":[{"embeddable":true,"href":"https:\/\/www.cliniquedentairelacite.com\/en\/wp-json\/wp\/v2\/comments?post=1116"}],"version-history":[{"count":3,"href":"https:\/\/www.cliniquedentairelacite.com\/en\/wp-json\/wp\/v2\/pages\/1116\/revisions"}],"predecessor-version":[{"id":1885,"href":"https:\/\/www.cliniquedentairelacite.com\/en\/wp-json\/wp\/v2\/pages\/1116\/revisions\/1885"}],"wp:attachment":[{"href":"https:\/\/www.cliniquedentairelacite.com\/en\/wp-json\/wp\/v2\/media?parent=1116"}],"curies":[{"name":"wp","href":"https:\/\/api.w.org\/{rel}","templated":true}]}}